{"id":46,"date":"2017-08-22T16:57:40","date_gmt":"2017-08-22T16:57:40","guid":{"rendered":"http:\/\/extendio.de\/?page_id=46"},"modified":"2021-02-02T16:28:12","modified_gmt":"2021-02-02T16:28:12","slug":"skulpturen","status":"publish","type":"page","link":"https:\/\/extendio.de\/?page_id=46","title":{"rendered":"Skulpturen"},"content":{"rendered":"<h2><strong>Anfassen erw\u00fcnscht<\/strong><\/h2>\n<p>F\u00fcr Formen haben Sie ein Faible? Dann sehen Sie sich meine Skulpturen an. Sollte Ihnen eine besonders gefallen, kein Problem, denn ich verkaufe die Skulpturen auch. Damit k\u00f6nnen Sie sich bei der Betrachtung so f\u00fchlen wie ich bei der Herstellung.<\/p>\n<p>Bei der Schaffung der Skulpturen lasse ich mich ganz von den Vorgaben im Holz leiten. Ich erschaffe nicht sondern lege nur die bereits vorhandenen Strukturen frei. Dies mache ich mit dem Flex und dem Fr\u00e4ser im ersten Schritt. Danach ist Schleifen, Schleifen, Schleifen angesagt. Vieles wird nicht mit Maschinen sondern mit der Hand geschliffen. So wird das Schleifpapier immer feiner bis zum Schluss eine seidige weiche Oberfl\u00e4che entsteht. Das kann teilweise bis zum 2.000er Schleifpapier gehen. Durch die Oberfl\u00e4chenbehandlung mit M\u00f6bel\u00f6l kommen die Strukturen und Farben dann erst nochmals richtig zur Geltung.<\/p>\n<p>Auf der Seite Diashow habe ich einige Skulpturen ausgestellt. Weiterklicken lohnt sich also f\u00fcr Sie.<\/p>\n<p>Schauen Sie einfach \u00f6fter vorbei. Sie werden immer wieder neue Dinge entdecken k\u00f6nnen.<\/p>\n<p>Nat\u00fcrlich bin ich dankbar f\u00fcr Erg\u00e4nzungen und Anregungen. Auch w\u00fcrde es mir gefallen, wenn sich Gleichgesinnte melden w\u00fcrden. Ich freue mich \u00fcber eine Email von Ihnen mit eigenen Tipps.<\/p>\n","protected":false},"excerpt":{"rendered":"<p>Anfassen erw\u00fcnscht F\u00fcr Formen haben Sie ein Faible? Dann sehen Sie sich meine Skulpturen an. Sollte Ihnen eine besonders gefallen, kein Problem, denn ich verkaufe die Skulpturen auch. Damit k\u00f6nnen Sie sich bei der Betrachtung so f\u00fchlen wie ich bei der Herstellung. Bei der Schaffung der Skulpturen lasse ich mich ganz von den Vorgaben im [&hellip;]<\/p>\n","protected":false},"author":1,"featured_media":0,"parent":0,"menu_order":0,"comment_status":"closed","ping_status":"closed","template":"","meta":[],"_links":{"self":[{"href":"https:\/\/extendio.de\/index.php?rest_route=\/wp\/v2\/pages\/46"}],"collection":[{"href":"https:\/\/extendio.de\/index.php?rest_route=\/wp\/v2\/pages"}],"about":[{"href":"https:\/\/extendio.de\/index.php?rest_route=\/wp\/v2\/types\/page"}],"author":[{"embeddable":true,"href":"https:\/\/extendio.de\/index.php?rest_route=\/wp\/v2\/users\/1"}],"replies":[{"embeddable":true,"href":"https:\/\/extendio.de\/index.php?rest_route=%2Fwp%2Fv2%2Fcomments&post=46"}],"version-history":[{"count":4,"href":"https:\/\/extendio.de\/index.php?rest_route=\/wp\/v2\/pages\/46\/revisions"}],"predecessor-version":[{"id":527,"href":"https:\/\/extendio.de\/index.php?rest_route=\/wp\/v2\/pages\/46\/revisions\/527"}],"wp:attachment":[{"href":"https:\/\/extendio.de\/index.php?rest_route=%2Fwp%2Fv2%2Fmedia&parent=46"}],"curies":[{"name":"wp","href":"https:\/\/api.w.org\/{rel}","templated":true}]}}